{"id":2098,"date":"2022-06-03T01:33:19","date_gmt":"2022-06-03T01:33:19","guid":{"rendered":"https:\/\/denisa.hagstone.be\/?post_type=product&#038;p=2098"},"modified":"2022-06-03T01:33:20","modified_gmt":"2022-06-03T01:33:20","slug":"bruidsmeisjesjurk-van-stretch-crepe-met-een-schouder","status":"publish","type":"product","link":"https:\/\/denisa.hagstone.be\/index.php\/product\/bruidsmeisjesjurk-van-stretch-crepe-met-een-schouder\/","title":{"rendered":"Bruidsmeisjesjurk van stretch cr\u00eape met \u00e9\u00e9n schouder"},"content":{"rendered":"<p>In een bruidsmeisjekleding die zo chic is als deze cr\u00eape-stunner met \u00e9\u00e9n schouder, ben je gegarandeerd een glamoureuze uitspraak te doen. Voorzien van een hoge roksplit, booty ruching, en bh cups.<\/p>\n<ul>\n<li>Galina Signature, exclusief bij David&#8217;s Bridal<\/li>\n<li>Polyester, spandex<\/li>\n<li>Rits aan de achterzijde; volledig gevoerd<\/li>\n<li>Droog schoon<\/li>\n<li>Ge\u00efmporteerd<\/li>\n<\/ul>\n","protected":false},"excerpt":{"rendered":"<p>In een bruidsmeisjekleding die zo chic is als deze cr\u00eape-stunner met \u00e9\u00e9n schouder, ben je gegarandeerd een glamoureuze uitspraak te doen. Voorzien van een hoge<\/p>\n","protected":false},"featured_media":2054,"comment_status":"open","ping_status":"closed","template":"","meta":[],"product_brand":[],"product_cat":[36],"product_tag":[28],"class_list":{"0":"post-2098","1":"product","2":"type-product","3":"status-publish","4":"has-post-thumbnail","6":"product_cat-bruidsmeisjesjurken","7":"product_tag-galina-signature","9":"first","10":"instock","11":"shipping-taxable","12":"purchasable","13":"product-type-simple"},"jetpack_sharing_enabled":true,"_links":{"self":[{"href":"https:\/\/denisa.hagstone.be\/index.php\/wp-json\/wp\/v2\/product\/2098","targetHints":{"allow":["GET"]}}],"collection":[{"href":"https:\/\/denisa.hagstone.be\/index.php\/wp-json\/wp\/v2\/product"}],"about":[{"href":"https:\/\/denisa.hagstone.be\/index.php\/wp-json\/wp\/v2\/types\/product"}],"replies":[{"embeddable":true,"href":"https:\/\/denisa.hagstone.be\/index.php\/wp-json\/wp\/v2\/comments?post=2098"}],"wp:featuredmedia":[{"embeddable":true,"href":"https:\/\/denisa.hagstone.be\/index.php\/wp-json\/wp\/v2\/media\/2054"}],"wp:attachment":[{"href":"https:\/\/denisa.hagstone.be\/index.php\/wp-json\/wp\/v2\/media?parent=2098"}],"wp:term":[{"taxonomy":"product_brand","embeddable":true,"href":"https:\/\/denisa.hagstone.be\/index.php\/wp-json\/wp\/v2\/product_brand?post=2098"},{"taxonomy":"product_cat","embeddable":true,"href":"https:\/\/denisa.hagstone.be\/index.php\/wp-json\/wp\/v2\/product_cat?post=2098"},{"taxonomy":"product_tag","embeddable":true,"href":"https:\/\/denisa.hagstone.be\/index.php\/wp-json\/wp\/v2\/product_tag?post=2098"}],"curies":[{"name":"wp","href":"https:\/\/api.w.org\/{rel}","templated":true}]}}